{"id":61,"date":"2024-10-10T15:56:48","date_gmt":"2024-10-10T13:56:48","guid":{"rendered":"https:\/\/solidailes.fr\/index.php\/oublie\/"},"modified":"2024-10-10T15:57:43","modified_gmt":"2024-10-10T13:57:43","slug":"oublie","status":"publish","type":"page","link":"https:\/\/solidailes.fr\/index.php\/oublie\/","title":{"rendered":"Mot de passe oubli\u00e9\u00a0?"},"content":{"rendered":"<div class=\"uwp-forgot-class bsui sdel-dcccbc9f\" ><div class=\"uwp_widgets uwp_widget_forgot\"><div class=\"uwp_page\">\t<div class=\"row\">\n\t\t<div class=\"card mx-auto container-fluid p-0 border-0\" >\n\t\t\t\t\t\t<div class=\"card-body\">\n\t\t\t\t<h3 class=\"card-title text-center mb-4\">Mot de passe oubli\u00e9\u00a0?<\/h3>\n\t\t\t\t\n\t\t\t\t<form class=\"uwp-forgot-form uwp_form\" method=\"post\">\n\n\t\t\t\t\t<div data-argument=\"email\" class=\"mb-3\" ><label for=\"email\" class=\"visually-hidden form-label\">E-mail <span class=\"text-danger\">*<\/span><\/label><input type=\"email\"  name=\"email\"  id=\"email\"  placeholder=\"E-mail *\"  title=\"E-mail\"  required  class=\"form-control \" ><\/div><input type=\"hidden\" name=\"uwp_forgot_nonce\" value=\"f1697ba056\" \/><button type=\"submit\"  name=\"uwp_forgot_submit\"  class=\"btn btn-primary w-100 text-uppercase uwp_forgot_submit\"  >Envoyer<\/button>\n\n\t\t\t\t\t<div class=\"uwp-footer-links\">\n\t\t\t\t\t\t<div class=\"uwp-footer-link float-start\">\n\t\t\t\t\t\t\t<a href=\"https:\/\/solidailes.fr\/index.php\/connexion\/\" class=\"d-block text-center mt-2 small uwp-login-link\"  rel=\"nofollow\"  >Se connecter<\/a>\n\t\t\t\t\t\t<\/div>\n\t\t\t\t\t\t<div class=\"uwp-footer-link float-end\">\n\t\t\t\t\t\t\t<a href=\"https:\/\/solidailes.fr\/index.php\/sinscrire\/\" class=\"d-block text-center mt-2 small uwp-register-link\"  rel=\"nofollow\"  >D\u00e9j\u00e0 membre ? Cr\u00e9ez votre compte!<\/a>\n\t\t\t\t\t\t<\/div>\n\t\t\t\t\t<\/div>\n\n\t\t\t\t<\/form>\n\n\t\t\t<\/div>\n\t\t<\/div>\n\t<\/div>\n<\/div><\/div><\/div>\n","protected":false},"excerpt":{"rendered":"","protected":false},"author":1,"featured_media":0,"parent":0,"menu_order":0,"comment_status":"closed","ping_status":"closed","template":"","meta":{"_kad_post_transparent":"","_kad_post_title":"","_kad_post_layout":"","_kad_post_sidebar_id":"","_kad_post_content_style":"","_kad_post_vertical_padding":"","_kad_post_feature":"","_kad_post_feature_position":"","_kad_post_header":false,"_kad_post_footer":false,"_kad_post_classname":"","footnotes":""},"class_list":["post-61","page","type-page","status-publish","hentry"],"_links":{"self":[{"href":"https:\/\/solidailes.fr\/index.php\/wp-json\/wp\/v2\/pages\/61","targetHints":{"allow":["GET"]}}],"collection":[{"href":"https:\/\/solidailes.fr\/index.php\/wp-json\/wp\/v2\/pages"}],"about":[{"href":"https:\/\/solidailes.fr\/index.php\/wp-json\/wp\/v2\/types\/page"}],"author":[{"embeddable":true,"href":"https:\/\/solidailes.fr\/index.php\/wp-json\/wp\/v2\/users\/1"}],"replies":[{"embeddable":true,"href":"https:\/\/solidailes.fr\/index.php\/wp-json\/wp\/v2\/comments?post=61"}],"version-history":[{"count":1,"href":"https:\/\/solidailes.fr\/index.php\/wp-json\/wp\/v2\/pages\/61\/revisions"}],"predecessor-version":[{"id":76,"href":"https:\/\/solidailes.fr\/index.php\/wp-json\/wp\/v2\/pages\/61\/revisions\/76"}],"wp:attachment":[{"href":"https:\/\/solidailes.fr\/index.php\/wp-json\/wp\/v2\/media?parent=61"}],"curies":[{"name":"wp","href":"https:\/\/api.w.org\/{rel}","templated":true}]}}