{"id":55,"date":"2024-10-10T15:56:48","date_gmt":"2024-10-10T13:56:48","guid":{"rendered":"https:\/\/solidailes.fr\/index.php\/sinscrire\/"},"modified":"2024-11-14T14:20:38","modified_gmt":"2024-11-14T13:20:38","slug":"sinscrire","status":"publish","type":"page","link":"https:\/\/solidailes.fr\/index.php\/sinscrire\/","title":{"rendered":"Inscription"},"content":{"rendered":"<style>.wp-block-kadence-advancedheading.kt-adv-heading55_34c780-7e, .wp-block-kadence-advancedheading.kt-adv-heading55_34c780-7e[data-kb-block=\"kb-adv-heading55_34c780-7e\"]{font-style:normal;}.wp-block-kadence-advancedheading.kt-adv-heading55_34c780-7e mark.kt-highlight, .wp-block-kadence-advancedheading.kt-adv-heading55_34c780-7e[data-kb-block=\"kb-adv-heading55_34c780-7e\"] mark.kt-highlight{font-style:normal;color:#f76a0c;-webkit-box-decoration-break:clone;box-decoration-break:clone;padding-top:0px;padding-right:0px;padding-bottom:0px;padding-left:0px;}.wp-block-kadence-advancedheading.kt-adv-heading55_34c780-7e img.kb-inline-image, .wp-block-kadence-advancedheading.kt-adv-heading55_34c780-7e[data-kb-block=\"kb-adv-heading55_34c780-7e\"] img.kb-inline-image{width:150px;vertical-align:baseline;}<\/style>\n<h1 class=\"kt-adv-heading55_34c780-7e wp-block-kadence-advancedheading\" data-kb-block=\"kb-adv-heading55_34c780-7e\">Demande d&rsquo;acc\u00e8s \u00e0 l&rsquo;espace membre (r\u00e9serv\u00e9 aux adh\u00e9rents)<\/h1>\n\n\n<style>.wp-block-kadence-advancedheading.kt-adv-heading55_5a018f-c7, .wp-block-kadence-advancedheading.kt-adv-heading55_5a018f-c7[data-kb-block=\"kb-adv-heading55_5a018f-c7\"]{text-align:center;font-style:normal;}.wp-block-kadence-advancedheading.kt-adv-heading55_5a018f-c7 mark.kt-highlight, .wp-block-kadence-advancedheading.kt-adv-heading55_5a018f-c7[data-kb-block=\"kb-adv-heading55_5a018f-c7\"] mark.kt-highlight{font-style:normal;color:#f76a0c;-webkit-box-decoration-break:clone;box-decoration-break:clone;padding-top:0px;padding-right:0px;padding-bottom:0px;padding-left:0px;}.wp-block-kadence-advancedheading.kt-adv-heading55_5a018f-c7 img.kb-inline-image, .wp-block-kadence-advancedheading.kt-adv-heading55_5a018f-c7[data-kb-block=\"kb-adv-heading55_5a018f-c7\"] img.kb-inline-image{width:150px;vertical-align:baseline;}.wp-block-kadence-advancedheading.kt-adv-heading55_5a018f-c7[data-kb-block=\"kb-adv-heading55_5a018f-c7\"] a, .kt-adv-heading-link55_5a018f-c7, .kt-adv-heading-link55_5a018f-c7 .kt-adv-heading55_5a018f-c7[data-kb-block=\"kb-adv-heading55_5a018f-c7\"]{color:#ff1818;}<\/style>\n<p class=\"kt-adv-heading55_5a018f-c7 wp-block-kadence-advancedheading has-theme-palette-2-color has-text-color\" data-kb-block=\"kb-adv-heading55_5a018f-c7\">Votre adh\u00e9sion a \u00e9t\u00e9 enregistr\u00e9e (vous avez une carte d&rsquo;adh\u00e9rent) et vous voulez acc\u00e9der \u00e0 l&rsquo;espace membre du site!<br>N&rsquo;oubliez pas de consulter les documents ci-dessous<br><br>&#8211; <a href=\"https:\/\/solidailes.fr\/wp-content\/uploads\/2024\/11\/Statuts-Solidailes-signes-11-04-2024-1.pdf\">Statuts de l&rsquo;association<\/a><br>&#8211; <a href=\"https:\/\/solidailes.fr\/wp-content\/uploads\/2024\/11\/Reglement-interieur-Solidailes-06-11-2024.pdf\">R\u00e8glement int\u00e9rieur<\/a><\/p>\n\n\n<style>.kb-row-layout-id55_eed695-12 > .kt-row-column-wrap{align-content:start;}:where(.kb-row-layout-id55_eed695-12 > .kt-row-column-wrap) > .wp-block-kadence-column{justify-content:start;}.kb-row-layout-id55_eed695-12 > .kt-row-column-wrap{column-gap:var(--global-kb-gap-md, 2rem);row-gap:var(--global-kb-gap-md, 2rem);padding-top:var(--global-kb-spacing-sm, 1.5rem);padding-bottom:var(--global-kb-spacing-sm, 1.5rem);}.kb-row-layout-id55_eed695-12 > .kt-row-column-wrap > div:not(.added-for-specificity){grid-column:initial;}.kb-row-layout-id55_eed695-12 > .kt-row-column-wrap{grid-template-columns:minmax(0, 1fr) minmax(0, 2fr) minmax(0, 1fr);}.kb-row-layout-id55_eed695-12{background-image:url('https:\/\/solidailes.fr\/wp-content\/uploads\/2024\/10\/9-birds-perched-on-4-electric-lanes-52715-scaled.jpg');background-size:cover;background-position:52% 79%;background-attachment:scroll;background-repeat:no-repeat;}.kb-row-layout-id55_eed695-12 > .kt-row-layout-overlay{opacity:0.30;}@media all and (max-width: 1024px){.kb-row-layout-id55_eed695-12 > .kt-row-column-wrap > div:not(.added-for-specificity){grid-column:initial;}}@media all and (max-width: 1024px){.kb-row-layout-id55_eed695-12 > .kt-row-column-wrap{grid-template-columns:minmax(0, 1fr) minmax(0, 2fr) minmax(0, 1fr);}}@media all and (max-width: 767px){.kb-row-layout-id55_eed695-12 > .kt-row-column-wrap > div:not(.added-for-specificity){grid-column:initial;}.kb-row-layout-id55_eed695-12 > .kt-row-column-wrap{grid-template-columns:minmax(0, 1fr);}}<\/style><div class=\"kb-row-layout-wrap kb-row-layout-id55_eed695-12 alignnone kt-row-has-bg wp-block-kadence-rowlayout\"><div class=\"kt-row-column-wrap kt-has-3-columns kt-row-layout-center-half kt-tab-layout-inherit kt-mobile-layout-row kt-row-valign-top\">\n<style>.kadence-column55_c42788-bc > .kt-inside-inner-col,.kadence-column55_c42788-bc > .kt-inside-inner-col:before{border-top-left-radius:0px;border-top-right-radius:0px;border-bottom-right-radius:0px;border-bottom-left-radius:0px;}.kadence-column55_c42788-bc > .kt-inside-inner-col{column-gap:var(--global-kb-gap-sm, 1rem);}.kadence-column55_c42788-bc > .kt-inside-inner-col{flex-direction:column;}.kadence-column55_c42788-bc > .kt-inside-inner-col > .aligncenter{width:100%;}.kadence-column55_c42788-bc > .kt-inside-inner-col:before{opacity:0.3;}.kadence-column55_c42788-bc{position:relative;}@media all and (max-width: 1024px){.kadence-column55_c42788-bc > .kt-inside-inner-col{flex-direction:column;justify-content:center;}}@media all and (max-width: 767px){.kadence-column55_c42788-bc > .kt-inside-inner-col{flex-direction:column;justify-content:center;}}<\/style>\n<div class=\"wp-block-kadence-column kadence-column55_c42788-bc\"><div class=\"kt-inside-inner-col\"><\/div><\/div>\n\n\n<style>.kadence-column55_da7903-bd > .kt-inside-inner-col,.kadence-column55_da7903-bd > .kt-inside-inner-col:before{border-top-left-radius:0px;border-top-right-radius:0px;border-bottom-right-radius:0px;border-bottom-left-radius:0px;}.kadence-column55_da7903-bd > .kt-inside-inner-col{column-gap:var(--global-kb-gap-sm, 1rem);}.kadence-column55_da7903-bd > .kt-inside-inner-col{flex-direction:column;}.kadence-column55_da7903-bd > .kt-inside-inner-col > .aligncenter{width:100%;}.kadence-column55_da7903-bd > .kt-inside-inner-col:before{opacity:0.3;}.kadence-column55_da7903-bd{position:relative;}@media all and (max-width: 1024px){.kadence-column55_da7903-bd > .kt-inside-inner-col{flex-direction:column;justify-content:center;}}@media all and (max-width: 767px){.kadence-column55_da7903-bd > .kt-inside-inner-col{flex-direction:column;justify-content:center;}}<\/style>\n<div class=\"wp-block-kadence-column kadence-column55_da7903-bd\"><div class=\"kt-inside-inner-col\"><style>.wp-block-kadence-advancedheading.kt-adv-heading55_ddc37d-13, .wp-block-kadence-advancedheading.kt-adv-heading55_ddc37d-13[data-kb-block=\"kb-adv-heading55_ddc37d-13\"]{text-align:center;font-style:normal;}.wp-block-kadence-advancedheading.kt-adv-heading55_ddc37d-13 mark.kt-highlight, .wp-block-kadence-advancedheading.kt-adv-heading55_ddc37d-13[data-kb-block=\"kb-adv-heading55_ddc37d-13\"] mark.kt-highlight{font-style:normal;color:#f76a0c;-webkit-box-decoration-break:clone;box-decoration-break:clone;padding-top:0px;padding-right:0px;padding-bottom:0px;padding-left:0px;}.wp-block-kadence-advancedheading.kt-adv-heading55_ddc37d-13 img.kb-inline-image, .wp-block-kadence-advancedheading.kt-adv-heading55_ddc37d-13[data-kb-block=\"kb-adv-heading55_ddc37d-13\"] img.kb-inline-image{width:150px;vertical-align:baseline;}<\/style>\n<p class=\"kt-adv-heading55_ddc37d-13 wp-block-kadence-advancedheading\" data-kb-block=\"kb-adv-heading55_ddc37d-13\"><div class=\"uwp-register-class bsui sdel-240aa5ef\" ><div class=\"uwp_widgets uwp_widget_register\"><div class=\"uwp_page wpbs\">    <div class=\"row\">\n        <div class=\"card mx-auto container-fluid p-0 border-0\" >\n\t\t\t            <div class=\"card-body\">\n\t\t\t\t<h3 class=\"card-title text-center mb-4\">S\u2019inscrire<\/h3>\n                <form class=\"uwp-registration-form uwp_form\" method=\"post\" enctype=\"multipart\/form-data\">\n\t\t\t\t\t<div data-argument=\"first_name\" class=\"mb-3\" ><label for=\"first_name\" class=\"visually-hidden form-label\">Pr\u00e9nom <span class=\"text-danger\">*<\/span><\/label><input type=\"text\"  name=\"first_name\"  id=\"first_name\"  placeholder=\"Pr\u00e9nom *\"  title=\"Pr\u00e9nom\"  required  class=\"form-control \" ><small class=\"form-text text-muted d-block\">Pr\u00e9nom<\/small><\/div><div data-argument=\"last_name\" class=\"mb-3\" ><label for=\"last_name\" class=\"visually-hidden form-label\">Nom <span class=\"text-danger\">*<\/span><\/label><input type=\"text\"  name=\"last_name\"  id=\"last_name\"  placeholder=\"Nom *\"  title=\"Nom\"  required  class=\"form-control \" ><small class=\"form-text text-muted d-block\">Nom<\/small><\/div><div data-argument=\"username\" class=\"mb-3\" ><label for=\"username\" class=\"visually-hidden form-label\">Nom d\u2019utilisateur\/utilisatrice <span class=\"text-danger\">*<\/span><\/label><input type=\"text\"  name=\"username\"  id=\"username\"  placeholder=\"Nom d\u2019utilisateur\/utilisatrice *\"  title=\"Nom d\u2019utilisateur\/utilisatrice\"  required  class=\"form-control \" ><\/div><div data-argument=\"votre_numro_dadhrent\" class=\"mb-3\" ><label for=\"votre_numro_dadhrent\" class=\"visually-hidden form-label\">Votre num\u00e9ro d&#039;adh\u00e9rent <span class=\"text-danger\">*<\/span><\/label><input type=\"text\"  name=\"votre_numro_dadhrent\"  id=\"votre_numro_dadhrent\"  placeholder=\"Votre num\u00e9ro d&#039;adh\u00e9rent *\"  title=\"Votre num\u00e9ro d&#039;adh\u00e9rent\"  required  class=\"form-control \" ><small class=\"form-text text-muted d-block\">Num\u00e9ro affich\u00e9 sur votre carte de membre<\/small><\/div><div data-argument=\"comptences\" class=\"mb-3\" ><label for=\"comptences\" class=\"visually-hidden form-label\">Comp\u00e9tences <span class=\"text-danger\">*<\/span><\/label><textarea  name=\"comptences\"  id=\"comptences\"  placeholder=\"Comp\u00e9tences *\"  title=\"Comp\u00e9tences\"  required  rows=\"4\"  class=\"form-control \" ><\/textarea><small class=\"form-text text-muted d-block\">Inscrivez les comp\u00e9tences que vous pouvez mettre \u00e0 profit de l'\u00e9picerie (visible par les membres - exple : bricolage, cuisine, couture, comptabilit\u00e9, communication, etc...)<\/small><\/div><div data-argument=\"email\" class=\"mb-3\" ><label for=\"email\" class=\"visually-hidden form-label\">E-mail <span class=\"text-danger\">*<\/span><\/label><input type=\"email\"  name=\"email\"  id=\"email\"  placeholder=\"E-mail *\"  title=\"E-mail\"  required  class=\"form-control \" ><small class=\"form-text text-muted d-block\">e-mail<\/small><\/div><div data-argument=\"password\" class=\"mb-3 uwp-password-wrap\" ><label for=\"password\" class=\"visually-hidden form-label\">Password <span class=\"text-danger\">*<\/span><\/label><div class=\"input-group\" ><input type=\"password\"  name=\"password\"  id=\"password\"  placeholder=\"Password *\"  title=\"Password\"  required  class=\"form-control \" ><span class=\"input-group-text top-0 end-0 c-pointer px-3\" \nonclick=\"var $el = jQuery(this).find('i');$el.toggleClass('fa-eye fa-eye-slash');\nvar $eli = jQuery(this).parent().parent().find('input');\nif($el.hasClass('fa-eye'))\n{$eli.attr('type','text');}\nelse{$eli.attr('type','password');}\"\n><i class=\"far fa-fw fa-width-fixed fa-eye-slash\"><\/i><\/span><\/div><small class=\"form-text text-muted d-block\">Mot de passe<\/small><\/div><div data-argument=\"confirm_password\" class=\"mb-3 uwp-password-wrap\" ><label for=\"confirm_password\" class=\"visually-hidden form-label\">Confirmez le mot de passe <span class=\"text-danger\">*<\/span><\/label><div class=\"input-group\" ><input type=\"password\"  name=\"confirm_password\"  id=\"confirm_password\"  placeholder=\"Confirmez le mot de passe *\"  title=\"Confirmez le mot de passe\"  required  class=\"form-control \" ><span class=\"input-group-text top-0 end-0 c-pointer px-3\" \nonclick=\"var $el = jQuery(this).find('i');$el.toggleClass('fa-eye fa-eye-slash');\nvar $eli = jQuery(this).parent().parent().find('input');\nif($el.hasClass('fa-eye'))\n{$eli.attr('type','text');}\nelse{$eli.attr('type','password');}\"\n><i class=\"far fa-fw fa-width-fixed fa-eye-slash\"><\/i><\/span><\/div><small class=\"form-text text-muted d-block\">Mot de passe<\/small><\/div><input type=\"hidden\" name=\"je_mengage__respecter_le_rglement_intrieur_de_lpic\" id=\"checkbox_je_mengage__respecter_le_rglement_intrieur_de_lpic\" value=\"0\"\/><div data-argument=\"je_mengage__respecter_le_rglement_intrieur_de_lpic\" class=\"mb-3\" ><div class=\"form-check\" ><input type=\"hidden\" name=\"je_mengage__respecter_le_rglement_intrieur_de_lpic\" value=\"0\" \/><input type=\"checkbox\"  name=\"je_mengage__respecter_le_rglement_intrieur_de_lpic\"  id=\"je_mengage__respecter_le_rglement_intrieur_de_lpic\"  title=\"Je m&#039;engage \u00e0 respecter le r\u00e9glement int\u00e9rieur de l&#039;\u00e9picerie\"  value=\"1\"  required  class=\"form-check-input c-pointer\" ><label for=\"je_mengage__respecter_le_rglement_intrieur_de_lpic\" class=\"form-check-label form-label\">Je m&#039;engage \u00e0 respecter le r\u00e9glement int\u00e9rieur de l&#039;\u00e9picerie <span class=\"text-danger\">*<\/span><\/label><\/div><\/div><input type=\"hidden\" name=\"register_gdpr\" value=\"-1\"\/><input type=\"hidden\" name=\"redirect_to\" value=\"https:\/\/solidailes.fr\"\/><input type=\"hidden\" name=\"uwp_register_hash\" value=\"6b55770650877b2896d5e6385\" style=\"display:none !important; visibility:hidden !important;\" \/><input type=\"hidden\" name=\"uwp_register_hp\" value=\"\" style=\"display:none !important; visibility:hidden !important;\" size=\"25\" autocomplete=\"off\" \/><input type=\"hidden\" name=\"uwp_register_nonce\" value=\"24b408b82b\" \/><input type=\"hidden\" name=\"uwp_register_form_id\" value=\"1\"><button type=\"submit\"  name=\"uwp_register_submit\"  class=\"btn btn-primary w-100 text-uppercase uwp_register_submit\"  >Cr\u00e9er un compte<\/button>\n                <\/form>\n\n                <div class=\"uwp-footer-links\">\n                    <div class=\"uwp-footer-link\">\n\t\t\t\t\t\t<a href=\"https:\/\/solidailes.fr\/index.php\/connexion\/\" class=\"d-block text-center mt-2 small uwp-login-link\"  rel=\"nofollow\"  >Se connecter<\/a>\n                    <\/div>\n                <\/div>\n\n                <div class=\"mb-3 text-center mb-0 p-0\">\n\t\t\t\t\t                <\/div>\n\n            <\/div>\n        <\/div>\n    <\/div>\n<\/div><\/div>\t<script>\n        jQuery( document ).ready( function( $ ) {\n\n            $( 'body' ).on( 'keyup', 'input[name=password], input[name=confirm_password]',\n                function( event ) {\n                    var $form = $(this).closest('form');\n                    if( ! $form.hasClass('uwp-login-form') ) {\n                        uwp_checkPasswordStrength(\n                            $form.find('input[name=password]'),\n                            $form.find('input[name=confirm_password]'),\n                            $form.find('#uwp-password-strength'),\n                            $form.find('button[type=\"submit\"], input[type=\"submit\"]'),\n                            ['black', 'listed', 'word']\n                        );\n                    }\n                }\n            );\n        });\n\t<\/script>\n\t<\/div><\/p>\n<\/div><\/div>\n\n\n<style>.kadence-column55_1625be-74 > .kt-inside-inner-col,.kadence-column55_1625be-74 > .kt-inside-inner-col:before{border-top-left-radius:0px;border-top-right-radius:0px;border-bottom-right-radius:0px;border-bottom-left-radius:0px;}.kadence-column55_1625be-74 > .kt-inside-inner-col{column-gap:var(--global-kb-gap-sm, 1rem);}.kadence-column55_1625be-74 > .kt-inside-inner-col{flex-direction:column;}.kadence-column55_1625be-74 > .kt-inside-inner-col > .aligncenter{width:100%;}.kadence-column55_1625be-74 > .kt-inside-inner-col:before{opacity:0.3;}.kadence-column55_1625be-74{position:relative;}@media all and (max-width: 1024px){.kadence-column55_1625be-74 > .kt-inside-inner-col{flex-direction:column;justify-content:center;}}@media all and (max-width: 767px){.kadence-column55_1625be-74 > .kt-inside-inner-col{flex-direction:column;justify-content:center;}}<\/style>\n<div class=\"wp-block-kadence-column kadence-column55_1625be-74\"><div class=\"kt-inside-inner-col\"><\/div><\/div>\n\n<\/div><\/div>\n\n<style>.wp-block-kadence-advancedheading.kt-adv-heading55_9cca06-8b, .wp-block-kadence-advancedheading.kt-adv-heading55_9cca06-8b[data-kb-block=\"kb-adv-heading55_9cca06-8b\"]{font-style:normal;}.wp-block-kadence-advancedheading.kt-adv-heading55_9cca06-8b mark.kt-highlight, .wp-block-kadence-advancedheading.kt-adv-heading55_9cca06-8b[data-kb-block=\"kb-adv-heading55_9cca06-8b\"] mark.kt-highlight{font-style:normal;color:#f76a0c;-webkit-box-decoration-break:clone;box-decoration-break:clone;padding-top:0px;padding-right:0px;padding-bottom:0px;padding-left:0px;}.wp-block-kadence-advancedheading.kt-adv-heading55_9cca06-8b img.kb-inline-image, .wp-block-kadence-advancedheading.kt-adv-heading55_9cca06-8b[data-kb-block=\"kb-adv-heading55_9cca06-8b\"] img.kb-inline-image{width:150px;vertical-align:baseline;}<\/style>\n<p class=\"kt-adv-heading55_9cca06-8b wp-block-kadence-advancedheading\" data-kb-block=\"kb-adv-heading55_9cca06-8b\"><\/p>\n\n\n<style>.wp-block-kadence-advancedheading.kt-adv-heading55_0f5b91-4d, .wp-block-kadence-advancedheading.kt-adv-heading55_0f5b91-4d[data-kb-block=\"kb-adv-heading55_0f5b91-4d\"]{font-style:normal;}.wp-block-kadence-advancedheading.kt-adv-heading55_0f5b91-4d mark.kt-highlight, .wp-block-kadence-advancedheading.kt-adv-heading55_0f5b91-4d[data-kb-block=\"kb-adv-heading55_0f5b91-4d\"] mark.kt-highlight{font-style:normal;color:#f76a0c;-webkit-box-decoration-break:clone;box-decoration-break:clone;padding-top:0px;padding-right:0px;padding-bottom:0px;padding-left:0px;}.wp-block-kadence-advancedheading.kt-adv-heading55_0f5b91-4d img.kb-inline-image, .wp-block-kadence-advancedheading.kt-adv-heading55_0f5b91-4d[data-kb-block=\"kb-adv-heading55_0f5b91-4d\"] img.kb-inline-image{width:150px;vertical-align:baseline;}<\/style>\n<p class=\"kt-adv-heading55_0f5b91-4d wp-block-kadence-advancedheading\" data-kb-block=\"kb-adv-heading55_0f5b91-4d\"><\/p>\n","protected":false},"excerpt":{"rendered":"<p>Demande d&rsquo;acc\u00e8s \u00e0 l&rsquo;espace membre (r\u00e9serv\u00e9 aux adh\u00e9rents) Votre adh\u00e9sion a \u00e9t\u00e9 enregistr\u00e9e (vous avez une carte d&rsquo;adh\u00e9rent) et vous voulez acc\u00e9der \u00e0 l&rsquo;espace membre du site!N&rsquo;oubliez pas de consulter les documents ci-dessous &#8211; Statuts de l&rsquo;association&#8211; R\u00e8glement int\u00e9rieur<\/p>\n","protected":false},"author":1,"featured_media":0,"parent":0,"menu_order":0,"comment_status":"closed","ping_status":"closed","template":"","meta":{"_kad_post_transparent":"","_kad_post_title":"","_kad_post_layout":"","_kad_post_sidebar_id":"","_kad_post_content_style":"","_kad_post_vertical_padding":"","_kad_post_feature":"","_kad_post_feature_position":"","_kad_post_header":false,"_kad_post_footer":false,"_kad_post_classname":"","footnotes":""},"class_list":["post-55","page","type-page","status-publish","hentry"],"_links":{"self":[{"href":"https:\/\/solidailes.fr\/index.php\/wp-json\/wp\/v2\/pages\/55","targetHints":{"allow":["GET"]}}],"collection":[{"href":"https:\/\/solidailes.fr\/index.php\/wp-json\/wp\/v2\/pages"}],"about":[{"href":"https:\/\/solidailes.fr\/index.php\/wp-json\/wp\/v2\/types\/page"}],"author":[{"embeddable":true,"href":"https:\/\/solidailes.fr\/index.php\/wp-json\/wp\/v2\/users\/1"}],"replies":[{"embeddable":true,"href":"https:\/\/solidailes.fr\/index.php\/wp-json\/wp\/v2\/comments?post=55"}],"version-history":[{"count":16,"href":"https:\/\/solidailes.fr\/index.php\/wp-json\/wp\/v2\/pages\/55\/revisions"}],"predecessor-version":[{"id":486,"href":"https:\/\/solidailes.fr\/index.php\/wp-json\/wp\/v2\/pages\/55\/revisions\/486"}],"wp:attachment":[{"href":"https:\/\/solidailes.fr\/index.php\/wp-json\/wp\/v2\/media?parent=55"}],"curies":[{"name":"wp","href":"https:\/\/api.w.org\/{rel}","templated":true}]}}