{"id":48,"date":"2024-10-02T19:20:19","date_gmt":"2024-10-02T17:20:19","guid":{"rendered":"https:\/\/solidailes.fr\/?page_id=48"},"modified":"2026-01-21T23:58:11","modified_gmt":"2026-01-21T22:58:11","slug":"contacts","status":"publish","type":"page","link":"https:\/\/solidailes.fr\/index.php\/contacts\/","title":{"rendered":"Contacts"},"content":{"rendered":"<style>.kb-row-layout-id48_70fdbd-34 > .kt-row-column-wrap{align-content:start;}:where(.kb-row-layout-id48_70fdbd-34 > .kt-row-column-wrap) > .wp-block-kadence-column{justify-content:start;}.kb-row-layout-id48_70fdbd-34 > .kt-row-column-wrap{column-gap:var(--global-kb-gap-md, 2rem);row-gap:var(--global-kb-gap-md, 2rem);padding-top:var(--global-kb-spacing-sm, 1.5rem);padding-bottom:var(--global-kb-spacing-sm, 1.5rem);grid-template-columns:minmax(0, 2fr) minmax(0, 1fr);}.kb-row-layout-id48_70fdbd-34 > .kt-row-layout-overlay{opacity:0.30;}@media all and (max-width: 1024px){.kb-row-layout-id48_70fdbd-34 > .kt-row-column-wrap{grid-template-columns:minmax(0, 2fr) minmax(0, 1fr);}}@media all and (max-width: 767px){.kb-row-layout-id48_70fdbd-34 > .kt-row-column-wrap{grid-template-columns:minmax(0, 1fr);}}<\/style><div class=\"kb-row-layout-wrap kb-row-layout-id48_70fdbd-34 alignnone wp-block-kadence-rowlayout\"><div class=\"kt-row-column-wrap kt-has-2-columns kt-row-layout-left-golden kt-tab-layout-inherit kt-mobile-layout-row kt-row-valign-top\">\n<style>.kadence-column48_26cf71-7f > .kt-inside-inner-col{display:flex;}.kadence-column48_26cf71-7f > .kt-inside-inner-col{padding-right:var(--global-kb-spacing-xs, 1rem);padding-left:var(--global-kb-spacing-xs, 1rem);}.kadence-column48_26cf71-7f > .kt-inside-inner-col,.kadence-column48_26cf71-7f > .kt-inside-inner-col:before{border-top-left-radius:0px;border-top-right-radius:0px;border-bottom-right-radius:0px;border-bottom-left-radius:0px;}.kadence-column48_26cf71-7f > .kt-inside-inner-col{row-gap:var(--global-kb-gap-none, 0rem );column-gap:var(--global-kb-gap-sm, 1rem);}.kadence-column48_26cf71-7f > .kt-inside-inner-col{flex-direction:column;}.kadence-column48_26cf71-7f > .kt-inside-inner-col > .aligncenter{width:100%;}.kadence-column48_26cf71-7f > .kt-inside-inner-col:before{opacity:0.83;mix-blend-mode:normal;background-color:var(--global-palette9, #ffffff);}.kadence-column48_26cf71-7f, .kadence-column48_26cf71-7f h1, .kadence-column48_26cf71-7f h2, .kadence-column48_26cf71-7f h3, .kadence-column48_26cf71-7f h4, .kadence-column48_26cf71-7f h5, .kadence-column48_26cf71-7f h6{color:var(--global-palette4, #2D3748);}.kadence-column48_26cf71-7f{position:relative;}@media all and (max-width: 1024px){.kadence-column48_26cf71-7f > .kt-inside-inner-col{flex-direction:column;justify-content:center;}}@media all and (max-width: 767px){.kadence-column48_26cf71-7f > .kt-inside-inner-col{flex-direction:column;justify-content:center;}}<\/style>\n<div class=\"wp-block-kadence-column kadence-column48_26cf71-7f kb-section-has-overlay\"><div class=\"kt-inside-inner-col\"><style>.wp-block-kadence-advancedheading.kt-adv-heading48_5580e8-1e, .wp-block-kadence-advancedheading.kt-adv-heading48_5580e8-1e[data-kb-block=\"kb-adv-heading48_5580e8-1e\"]{font-style:normal;}.wp-block-kadence-advancedheading.kt-adv-heading48_5580e8-1e[data-kb-block=\"kb-adv-heading48_5580e8-1e\"]{display:flex;gap:0.25em;align-items:center;}.wp-block-kadence-advancedheading.kt-adv-heading48_5580e8-1e[data-kb-block=\"kb-adv-heading48_5580e8-1e\"] .kb-adv-heading-icon svg{width:1em;height:1em;}.wp-block-kadence-advancedheading.kt-adv-heading48_5580e8-1e[data-kb-block=\"kb-adv-heading48_5580e8-1e\"] .kb-adv-heading-icon{font-size:29px;}.wp-block-kadence-advancedheading.kt-adv-heading48_5580e8-1e mark.kt-highlight, .wp-block-kadence-advancedheading.kt-adv-heading48_5580e8-1e[data-kb-block=\"kb-adv-heading48_5580e8-1e\"] mark.kt-highlight{font-style:normal;color:#f76a0c;-webkit-box-decoration-break:clone;box-decoration-break:clone;padding-top:0px;padding-right:0px;padding-bottom:0px;padding-left:0px;}.wp-block-kadence-advancedheading.kt-adv-heading48_5580e8-1e img.kb-inline-image, .wp-block-kadence-advancedheading.kt-adv-heading48_5580e8-1e[data-kb-block=\"kb-adv-heading48_5580e8-1e\"] img.kb-inline-image{width:150px;vertical-align:baseline;}<\/style><h2 class=\"kt-adv-heading48_5580e8-1e wp-block-kadence-advancedheading kt-adv-heading-has-icon\" data-kb-block=\"kb-adv-heading48_5580e8-1e\"><span class=\"kb-svg-icon-wrap kb-adv-heading-icon kb-svg-icon-fe_mail kb-adv-heading-icon-side-left\"><svg viewBox=\"0 0 24 24\"  fill=\"none\" stroke=\"currentColor\" stroke-width=\"2\" stroke-linecap=\"round\" stroke-linejoin=\"round\" xmlns=\"http:\/\/www.w3.org\/2000\/svg\"  aria-hidden=\"true\"><path d=\"M4 4h16c1.1 0 2 .9 2 2v12c0 1.1-.9 2-2 2H4c-1.1 0-2-.9-2-2V6c0-1.1.9-2 2-2z\"\/><polyline points=\"22,6 12,13 2,6\"\/><\/svg><\/span><span class=\"kb-adv-text-inner\">Envoyez-nous un message<\/span><\/h2>\n\n\n<p><em>Merci de renseigner le formulaire ci-dessous !<\/em><\/p>\n\n\n<style>.kadence-form-48_9ccfc9-66 .kb-form .kadence-blocks-form-field{margin-bottom:2px;}.kadence-form-48_9ccfc9-66 .kb-form .kadence-blocks-form-field{padding-right:0px;padding-left:0px;}.kadence-form-48_9ccfc9-66 .kb-form{margin-right:-0px;margin-left:-0px;}.kadence-form-48_9ccfc9-66 .kb-form .kadence-blocks-form-field .kb-text-style-field, .kadence-form-48_9ccfc9-66 .kb-form .kadence-blocks-form-field .kb-select-style-field{color:var(--global-palette1, #3182CE);font-size:var(--global-kb-font-size-sm, 0.9rem);box-shadow:inset 1px 1px 2px 0px rgba(0, 0, 0, 0.2);}.kadence-form-48_9ccfc9-66 .kadence-blocks-form-success{color:var(--global-palette9, #ffffff);background:var(--global-palette1, #3182CE);}.kadence-form-48_9ccfc9-66 .kadence-blocks-form-warning{color:var(--global-palette9, #ffffff);background:#ee5b5b;}.kb-form input.kadence-blocks-field.verify{opacity:0.0;position:absolute;top:0.0;left:0.0;width:0.0;height:0.0;z-index:-1;}<\/style>\n<div class=\"wp-block-kadence-form kadence-form-48_9ccfc9-66 kb-form-wrap\"><form class=\"kb-form\" action=\"\" method=\"post\"><div class=\"kadence-blocks-form-field kb-field-desk-width-100 kb-input-size-small\"><label for=\"kb_field_48_9ccfc9-66_0\">Votre nom<span class=\"required\">*<\/span><\/label><input name=\"kb_field_0\" id=\"kb_field_48_9ccfc9-66_0\" data-label=\"Votre nom\" type=\"text\" placeholder=\"\" value=\"\" data-type=\"text\" class=\"kb-field kb-text-style-field kb-text-field kb-field-0\" data-required=\"yes\"\/><\/div><div class=\"kadence-blocks-form-field kb-form-field-1 kb-field-desk-width-100 kb-input-size-small\"><label for=\"kb_field_48_9ccfc9-66_1\">Email<span class=\"required\">*<\/span><\/label><input name=\"kb_field_1\" id=\"kb_field_48_9ccfc9-66_1\" data-label=\"Email\" type=\"email\" placeholder=\"\" value=\"\" data-type=\"email\" class=\"kb-field kb-text-style-field kb-email-field kb-field-1\" data-required=\"yes\"\/><\/div><div class=\"kadence-blocks-form-field kb-form-field-2 kb-field-desk-width-100 kb-input-size-small\"><label for=\"kb_field_48_9ccfc9-66_2\">Raison<span class=\"required\">*<\/span><\/label><select name=\"kb_field_2\" id=\"kb_field_48_9ccfc9-66_2\" data-label=\"Raison\" type=\"select\" value=\"\" data-type=\"select\" class=\"kb-field kb-select-style-field kb-select-field kb-field-2\" data-required=\"yes\"><option value=\"Demande de renseignements\">Demande de renseignements<\/option><option value=\"Devenir membre\">Devenir membre<\/option><option value=\"Proposer des produits ou des services\">Proposer des produits ou des services<\/option><option value=\"Suggestion\">Suggestion<\/option><option value=\"Autre...\">Autre&#8230;<\/option><\/select><\/div><div class=\"kadence-blocks-form-field kb-form-field-3 kb-field-desk-width-100 kb-input-size-small\"><label for=\"kb_field_48_9ccfc9-66_3\">Message<span class=\"required\">*<\/span><\/label><textarea name=\"kb_field_3\" id=\"kb_field_48_9ccfc9-66_3\" data-label=\"Message\" type=\"textarea\" placeholder=\"\" data-type=\"textarea\" class=\"kb-field kb-text-style-field kb-textarea-field kb-field-3\" rows=\"4\" data-required=\"yes\"><\/textarea><\/div><div class=\"kadence-blocks-form-field kb-form-field-4 kb-field-desk-width-100 kb-input-size-small kb-accept-form-field\"><input type=\"checkbox\" name=\"kb_field_4\" id=\"kb_field_48_9ccfc9-66_4\" class=\"kb-field kb-checkbox-style kb-accept\" value=\"accept\" data-type=\"accept\" data-required=\"yes\" data-required-message=\"Vous devez accepter de nous confier vos donn\u00e9es\"\/><label for=\"kb_field_48_9ccfc9-66_4\">J&rsquo;accepte que mes donn\u00e9es soient conserv\u00e9es<span class=\"required\">*<\/span><\/label><span class=\"kb-field-help\">Les informations recueillies sur ce formulaire font l\u2019objet d\u2019un traitement informatis\u00e9 par Solid\u2019Ailes ; vous pouvez demander l\u2019acc\u00e8s \u00e0 vos donn\u00e9es en vue de les v\u00e9rifier, les rectifier ou les supprimer le cas \u00e9ch\u00e9ant.<\/span><\/div><input type=\"hidden\" name=\"_kb_form_id\" value=\"48_9ccfc9-66\"\/><input type=\"hidden\" name=\"_kb_form_post_id\" value=\"48\"\/><input type=\"hidden\" name=\"action\" value=\"kb_process_ajax_submit\"\/><label class=\"kadence-verify-label\">Email<input class=\"kadence-blocks-field verify\" type=\"text\" name=\"_kb_verify_email\" autocomplete=\"new-password\" aria-hidden=\"true\" placeholder=\"Email\" tabindex=\"-1\" data-1p-ignore=\"true\" data-lpignore=\"true\" \/><\/label><div class=\"kadence-blocks-form-field kb-submit-field kb-field-desk-width-100\"><button class=\"kb-forms-submit button kb-button-size-standard kb-button-width-auto\">Envoyer<\/button><\/div><\/form><\/div>\n<noscript><div class=\"kadence-blocks-form-message kadence-blocks-form-warning\">Veuillez activer JavaScript dans votre navigateur pour envoyer le formulaire.<\/div><style>.kadence-form-48_9ccfc9-66 .kadence-blocks-form-field.kb-submit-field { display: none; }<\/style><\/noscript><\/div><\/div>\n\n\n<style>.kadence-column48_901970-e5 > .kt-inside-inner-col,.kadence-column48_901970-e5 > .kt-inside-inner-col:before{border-top-left-radius:0px;border-top-right-radius:0px;border-bottom-right-radius:0px;border-bottom-left-radius:0px;}.kadence-column48_901970-e5 > .kt-inside-inner-col{column-gap:var(--global-kb-gap-sm, 1rem);}.kadence-column48_901970-e5 > .kt-inside-inner-col{flex-direction:column;}.kadence-column48_901970-e5 > .kt-inside-inner-col > .aligncenter{width:100%;}.kadence-column48_901970-e5 > .kt-inside-inner-col:before{opacity:0.3;}.kadence-column48_901970-e5{position:relative;}@media all and (max-width: 1024px){.kadence-column48_901970-e5 > .kt-inside-inner-col{flex-direction:column;justify-content:center;}}@media all and (max-width: 767px){.kadence-column48_901970-e5 > .kt-inside-inner-col{flex-direction:column;justify-content:center;}}<\/style>\n<div class=\"wp-block-kadence-column kadence-column48_901970-e5\"><div class=\"kt-inside-inner-col\"><style>.wp-block-kadence-advancedheading.kt-adv-heading48_b13278-3b, .wp-block-kadence-advancedheading.kt-adv-heading48_b13278-3b[data-kb-block=\"kb-adv-heading48_b13278-3b\"]{font-style:normal;}.wp-block-kadence-advancedheading.kt-adv-heading48_b13278-3b[data-kb-block=\"kb-adv-heading48_b13278-3b\"]{display:flex;gap:0.25em;align-items:start;}.wp-block-kadence-advancedheading.kt-adv-heading48_b13278-3b[data-kb-block=\"kb-adv-heading48_b13278-3b\"] .kb-adv-heading-icon svg{width:1em;height:1em;}.wp-block-kadence-advancedheading.kt-adv-heading48_b13278-3b[data-kb-block=\"kb-adv-heading48_b13278-3b\"] .kb-adv-heading-icon{font-size:30px;}.wp-block-kadence-advancedheading.kt-adv-heading48_b13278-3b mark.kt-highlight, .wp-block-kadence-advancedheading.kt-adv-heading48_b13278-3b[data-kb-block=\"kb-adv-heading48_b13278-3b\"] mark.kt-highlight{font-style:normal;color:#f76a0c;-webkit-box-decoration-break:clone;box-decoration-break:clone;padding-top:0px;padding-right:0px;padding-bottom:0px;padding-left:0px;}.wp-block-kadence-advancedheading.kt-adv-heading48_b13278-3b img.kb-inline-image, .wp-block-kadence-advancedheading.kt-adv-heading48_b13278-3b[data-kb-block=\"kb-adv-heading48_b13278-3b\"] img.kb-inline-image{width:150px;vertical-align:baseline;}<\/style><h2 class=\"kt-adv-heading48_b13278-3b wp-block-kadence-advancedheading kt-adv-heading-has-icon\" data-kb-block=\"kb-adv-heading48_b13278-3b\"><span class=\"kb-svg-icon-wrap kb-adv-heading-icon kb-svg-icon-fe_map kb-adv-heading-icon-side-left\"><svg viewBox=\"0 0 24 24\"  fill=\"none\" stroke=\"currentColor\" stroke-width=\"2\" stroke-linecap=\"round\" stroke-linejoin=\"round\" xmlns=\"http:\/\/www.w3.org\/2000\/svg\"  aria-hidden=\"true\"><polygon points=\"1 6 1 22 8 18 16 22 23 18 23 2 16 6 8 2 1 6\"\/><line x1=\"8\" y1=\"2\" x2=\"8\" y2=\"18\"\/><line x1=\"16\" y1=\"6\" x2=\"16\" y2=\"22\"\/><\/svg><\/span><span class=\"kb-adv-text-inner\">Nous trouver \u00e0 Bergheim<\/span><\/h2>\n\n<style>.wp-block-kadence-advancedheading.kt-adv-heading48_ecc665-be, .wp-block-kadence-advancedheading.kt-adv-heading48_ecc665-be[data-kb-block=\"kb-adv-heading48_ecc665-be\"]{text-align:center;font-style:normal;color:#fa0202;}.wp-block-kadence-advancedheading.kt-adv-heading48_ecc665-be mark.kt-highlight, .wp-block-kadence-advancedheading.kt-adv-heading48_ecc665-be[data-kb-block=\"kb-adv-heading48_ecc665-be\"] mark.kt-highlight{font-style:normal;color:#f76a0c;-webkit-box-decoration-break:clone;box-decoration-break:clone;padding-top:0px;padding-right:0px;padding-bottom:0px;padding-left:0px;}.wp-block-kadence-advancedheading.kt-adv-heading48_ecc665-be img.kb-inline-image, .wp-block-kadence-advancedheading.kt-adv-heading48_ecc665-be[data-kb-block=\"kb-adv-heading48_ecc665-be\"] img.kb-inline-image{width:150px;vertical-align:baseline;}<\/style>\n<p class=\"kt-adv-heading48_ecc665-be wp-block-kadence-advancedheading\" data-kb-block=\"kb-adv-heading48_ecc665-be\"><strong>Nouvelle adresse<\/strong> : <br>Vignoble du r\u00eaveur<br>Entr\u00e9e cot\u00e9 rue des Romains<\/p>\n\n\n<style>.kb-google-maps-container48_518f06-72{max-width:576px;height:396px;margin-left:auto !important;margin-right:auto !important;}.kb-google-maps-container48_518f06-72{filter:saturate(250%);}<\/style><div class=\"kb-google-maps-container kb-google-maps-container48_518f06-72  wp-block-kadence-googlemaps\" data-mapid=\"48_518f0672\"><iframe width=\"100%\" height=\"100%\"\n\t\t\t\t\t\t\tstyle=\"border:0\" loading=\"lazy\"\n\t\t\t\t\t\t\tsrc=\"https:\/\/www.google.com\/maps\/embed\/v1\/place?key=AIzaSyBAM2o7PiQqwk15LC1XRH2e_KJ-jUa7KYk&#038;zoom=15&#038;maptype=satellite&#038;q=Solid%27ailes+-+8+Rte+de+Colmar+Bergheim\"\n\t\t\t\t\t\t\ttitle=\"Carte Google de Solid&#039;ailes - 8 Rte de Colmar Bergheim\"><\/iframe><\/div><script>function kb_google_map48_518f0672() { let center = { lat: 37.8201, lng: -122.4781}; let map = new google.maps.Map(document.getElementById(\"kb-google-map48_518f0672\"), {\n\t\t\t\t\t    zoom: 15,\n\t\t\t\t\t    center: center,mapTypeId: \"satellite\",});let marker = new google.maps.Marker({   position: { lat: 37.8201, lng: -122.4781},    map: map,  });}<\/script>\n\n<style>.wp-block-kadence-advancedheading.kt-adv-heading48_7b32bd-b7_0, .wp-block-kadence-advancedheading.kt-adv-heading48_7b32bd-b7_0[data-kb-block=\"kb-adv-heading48_7b32bd-b7_0\"]{text-align:center;font-style:normal;color:#fa0202;}.wp-block-kadence-advancedheading.kt-adv-heading48_7b32bd-b7_0 mark.kt-highlight, .wp-block-kadence-advancedheading.kt-adv-heading48_7b32bd-b7_0[data-kb-block=\"kb-adv-heading48_7b32bd-b7_0\"] mark.kt-highlight{font-style:normal;color:#f76a0c;-webkit-box-decoration-break:clone;box-decoration-break:clone;padding-top:0px;padding-right:0px;padding-bottom:0px;padding-left:0px;}.wp-block-kadence-advancedheading.kt-adv-heading48_7b32bd-b7_0 img.kb-inline-image, .wp-block-kadence-advancedheading.kt-adv-heading48_7b32bd-b7_0[data-kb-block=\"kb-adv-heading48_7b32bd-b7_0\"] img.kb-inline-image{width:150px;vertical-align:baseline;}<\/style>\n<p class=\"kt-adv-heading48_7b32bd-b7_0 wp-block-kadence-advancedheading\" data-kb-block=\"kb-adv-heading48_7b32bd-b7_0\"> <br>(acc\u00e8s \u00e0 la cour uniquement pi\u00e9ton)<\/p>\n<\/div><\/div>\n\n<\/div><\/div>\n\n<style>.kb-row-layout-id48_a4ae00-14 > .kt-row-column-wrap{align-content:start;}:where(.kb-row-layout-id48_a4ae00-14 > .kt-row-column-wrap) > .wp-block-kadence-column{justify-content:start;}.kb-row-layout-id48_a4ae00-14 > .kt-row-column-wrap{column-gap:var(--global-kb-gap-md, 2rem);row-gap:var(--global-kb-gap-md, 2rem);padding-top:var(--global-kb-spacing-sm, 1.5rem);padding-bottom:var(--global-kb-spacing-sm, 1.5rem);grid-template-columns:minmax(0, 1fr);}.kb-row-layout-id48_a4ae00-14 > .kt-row-layout-overlay{opacity:0.30;}@media all and (max-width: 1024px){.kb-row-layout-id48_a4ae00-14 > .kt-row-column-wrap{grid-template-columns:minmax(0, 1fr);}}@media all and (max-width: 767px){.kb-row-layout-id48_a4ae00-14 > .kt-row-column-wrap{grid-template-columns:minmax(0, 1fr);}}<\/style><div class=\"kb-row-layout-wrap kb-row-layout-id48_a4ae00-14 alignnone wp-block-kadence-rowlayout\"><div class=\"kt-row-column-wrap kt-has-1-columns kt-row-layout-equal kt-tab-layout-inherit kt-mobile-layout-row kt-row-valign-top\">\n<style>.kadence-column48_8599c0-46 > .kt-inside-inner-col{display:flex;}.kadence-column48_8599c0-46 > .kt-inside-inner-col,.kadence-column48_8599c0-46 > .kt-inside-inner-col:before{border-top-left-radius:0px;border-top-right-radius:0px;border-bottom-right-radius:0px;border-bottom-left-radius:0px;}.kadence-column48_8599c0-46 > .kt-inside-inner-col{column-gap:var(--global-kb-gap-sm, 1rem);}.kadence-column48_8599c0-46 > .kt-inside-inner-col{flex-direction:column;align-items:center;}.kadence-column48_8599c0-46 > .kt-inside-inner-col > .kb-image-is-ratio-size{align-self:stretch;}.kadence-column48_8599c0-46 > .kt-inside-inner-col > .wp-block-kadence-advancedgallery{align-self:stretch;}.kadence-column48_8599c0-46 > .kt-inside-inner-col > .aligncenter{width:100%;}.kadence-column48_8599c0-46 > .kt-inside-inner-col:before{opacity:0.3;}.kadence-column48_8599c0-46{position:relative;}@media all and (max-width: 1024px){.kadence-column48_8599c0-46 > .kt-inside-inner-col{flex-direction:column;justify-content:center;align-items:center;}}@media all and (max-width: 767px){.kadence-column48_8599c0-46 > .kt-inside-inner-col{flex-direction:column;justify-content:center;align-items:center;}}<\/style>\n<div class=\"wp-block-kadence-column kadence-column48_8599c0-46\"><div class=\"kt-inside-inner-col\"><style>.wp-block-kadence-advancedheading.kt-adv-heading48_213154-96, .wp-block-kadence-advancedheading.kt-adv-heading48_213154-96[data-kb-block=\"kb-adv-heading48_213154-96\"]{text-align:center;font-style:normal;}.wp-block-kadence-advancedheading.kt-adv-heading48_213154-96 mark.kt-highlight, .wp-block-kadence-advancedheading.kt-adv-heading48_213154-96[data-kb-block=\"kb-adv-heading48_213154-96\"] mark.kt-highlight{font-style:normal;color:#f76a0c;-webkit-box-decoration-break:clone;box-decoration-break:clone;padding-top:0px;padding-right:0px;padding-bottom:0px;padding-left:0px;}.wp-block-kadence-advancedheading.kt-adv-heading48_213154-96 img.kb-inline-image, .wp-block-kadence-advancedheading.kt-adv-heading48_213154-96[data-kb-block=\"kb-adv-heading48_213154-96\"] img.kb-inline-image{width:150px;vertical-align:baseline;}<\/style>\n<p class=\"kt-adv-heading48_213154-96 wp-block-kadence-advancedheading\" data-kb-block=\"kb-adv-heading48_213154-96\">Acc\u00e8s :<\/p>\n\n\n<style>.kb-image48_74bbab-d7 .kb-image-has-overlay:after{opacity:0.3;}.kb-image48_74bbab-d7 img.kb-img, .kb-image48_74bbab-d7 .kb-img img{background-color:var(--global-palette7, #EDF2F7);}<\/style>\n<figure class=\"wp-block-kadence-image kb-image48_74bbab-d7 size-full\"><img loading=\"lazy\" decoding=\"async\" width=\"560\" height=\"277\" src=\"https:\/\/solidailes.fr\/wp-content\/uploads\/2026\/01\/AccesSolidailes2.gif\" alt=\"\" class=\"kb-img wp-image-1184\"\/><\/figure>\n<\/div><\/div>\n\n\n<style>.kadence-column48_1436f0-a6 > .kt-inside-inner-col,.kadence-column48_1436f0-a6 > .kt-inside-inner-col:before{border-top-left-radius:0px;border-top-right-radius:0px;border-bottom-right-radius:0px;border-bottom-left-radius:0px;}.kadence-column48_1436f0-a6 > .kt-inside-inner-col{column-gap:var(--global-kb-gap-sm, 1rem);}.kadence-column48_1436f0-a6 > .kt-inside-inner-col{flex-direction:column;}.kadence-column48_1436f0-a6 > .kt-inside-inner-col > .aligncenter{width:100%;}.kadence-column48_1436f0-a6 > .kt-inside-inner-col:before{opacity:0.3;}.kadence-column48_1436f0-a6{position:relative;}@media all and (max-width: 1024px){.kadence-column48_1436f0-a6 > .kt-inside-inner-col{flex-direction:column;justify-content:center;}}@media all and (max-width: 767px){.kadence-column48_1436f0-a6 > .kt-inside-inner-col{flex-direction:column;justify-content:center;}}<\/style>\n<div class=\"wp-block-kadence-column kadence-column48_1436f0-a6\"><div class=\"kt-inside-inner-col\"><style>.wp-block-kadence-advancedheading.kt-adv-heading48_14cddc-fb, .wp-block-kadence-advancedheading.kt-adv-heading48_14cddc-fb[data-kb-block=\"kb-adv-heading48_14cddc-fb\"]{text-align:center;font-style:normal;}.wp-block-kadence-advancedheading.kt-adv-heading48_14cddc-fb mark.kt-highlight, .wp-block-kadence-advancedheading.kt-adv-heading48_14cddc-fb[data-kb-block=\"kb-adv-heading48_14cddc-fb\"] mark.kt-highlight{font-style:normal;color:#f76a0c;-webkit-box-decoration-break:clone;box-decoration-break:clone;padding-top:0px;padding-right:0px;padding-bottom:0px;padding-left:0px;}.wp-block-kadence-advancedheading.kt-adv-heading48_14cddc-fb img.kb-inline-image, .wp-block-kadence-advancedheading.kt-adv-heading48_14cddc-fb[data-kb-block=\"kb-adv-heading48_14cddc-fb\"] img.kb-inline-image{width:150px;vertical-align:baseline;}<\/style>\n<h1 class=\"kt-adv-heading48_14cddc-fb wp-block-kadence-advancedheading\" data-kb-block=\"kb-adv-heading48_14cddc-fb\">Sur les r\u00e9seaux sociaux :<\/h1>\n\n\n\n<ul class=\"wp-block-social-links is-content-justification-center is-layout-flex wp-container-core-social-links-is-layout-16018d1d wp-block-social-links-is-layout-flex\"><li class=\"wp-social-link wp-social-link-facebook  wp-block-social-link\"><a href=\"https:\/\/www.facebook.com\/share\/19LGKAkKMn\/\" class=\"wp-block-social-link-anchor\"><svg width=\"24\" height=\"24\" viewBox=\"0 0 24 24\" version=\"1.1\" xmlns=\"http:\/\/www.w3.org\/2000\/svg\" aria-hidden=\"true\" focusable=\"false\"><path d=\"M12 2C6.5 2 2 6.5 2 12c0 5 3.7 9.1 8.4 9.9v-7H7.9V12h2.5V9.8c0-2.5 1.5-3.9 3.8-3.9 1.1 0 2.2.2 2.2.2v2.5h-1.3c-1.2 0-1.6.8-1.6 1.6V12h2.8l-.4 2.9h-2.3v7C18.3 21.1 22 17 22 12c0-5.5-4.5-10-10-10z\"><\/path><\/svg><span class=\"wp-block-social-link-label screen-reader-text\">Facebook<\/span><\/a><\/li><\/ul>\n<\/div><\/div>\n\n<\/div><\/div>","protected":false},"excerpt":{"rendered":"<p>Envoyez-nous un message Merci de renseigner le formulaire ci-dessous ! Nous trouver \u00e0 Bergheim Nouvelle adresse : Vignoble du r\u00eaveurEntr\u00e9e cot\u00e9 rue des Romains (acc\u00e8s \u00e0 la cour uniquement pi\u00e9ton) Acc\u00e8s : Sur les r\u00e9seaux sociaux :<\/p>\n","protected":false},"author":1,"featured_media":0,"parent":0,"menu_order":0,"comment_status":"closed","ping_status":"closed","template":"","meta":{"_kad_post_transparent":"","_kad_post_title":"","_kad_post_layout":"","_kad_post_sidebar_id":"","_kad_post_content_style":"","_kad_post_vertical_padding":"","_kad_post_feature":"","_kad_post_feature_position":"","_kad_post_header":false,"_kad_post_footer":false,"_kad_post_classname":"","footnotes":""},"class_list":["post-48","page","type-page","status-publish","hentry"],"_links":{"self":[{"href":"https:\/\/solidailes.fr\/index.php\/wp-json\/wp\/v2\/pages\/48","targetHints":{"allow":["GET"]}}],"collection":[{"href":"https:\/\/solidailes.fr\/index.php\/wp-json\/wp\/v2\/pages"}],"about":[{"href":"https:\/\/solidailes.fr\/index.php\/wp-json\/wp\/v2\/types\/page"}],"author":[{"embeddable":true,"href":"https:\/\/solidailes.fr\/index.php\/wp-json\/wp\/v2\/users\/1"}],"replies":[{"embeddable":true,"href":"https:\/\/solidailes.fr\/index.php\/wp-json\/wp\/v2\/comments?post=48"}],"version-history":[{"count":39,"href":"https:\/\/solidailes.fr\/index.php\/wp-json\/wp\/v2\/pages\/48\/revisions"}],"predecessor-version":[{"id":1186,"href":"https:\/\/solidailes.fr\/index.php\/wp-json\/wp\/v2\/pages\/48\/revisions\/1186"}],"wp:attachment":[{"href":"https:\/\/solidailes.fr\/index.php\/wp-json\/wp\/v2\/media?parent=48"}],"curies":[{"name":"wp","href":"https:\/\/api.w.org\/{rel}","templated":true}]}}