{"id":3,"date":"2024-10-01T22:25:44","date_gmt":"2024-10-01T20:25:44","guid":{"rendered":"http:\/\/solidailes.fr\/?page_id=3"},"modified":"2026-03-19T19:35:18","modified_gmt":"2026-03-19T18:35:18","slug":"politique-de-confidentialite","status":"publish","type":"page","link":"https:\/\/solidailes.fr\/index.php\/politique-de-confidentialite\/","title":{"rendered":"Mentions l\u00e9gales"},"content":{"rendered":"\n<h2 class=\"wp-block-heading\">Qui sommes-nous&nbsp;?<\/h2>\n\n\n\n<p>Solid&rsquo;ailes est une association \u00e0 but non lucratif qui a pour objet de cr\u00e9er du lien social au travers d&rsquo;une \u00e9picerie participative et collaborative.<br>Site : <strong>https:\/\/solidailes.fr<\/strong><\/p>\n\n\n<style>.wp-block-kadence-advancedheading.kt-adv-heading3_70d1e0-71, .wp-block-kadence-advancedheading.kt-adv-heading3_70d1e0-71[data-kb-block=\"kb-adv-heading3_70d1e0-71\"]{font-style:normal;}.wp-block-kadence-advancedheading.kt-adv-heading3_70d1e0-71 mark.kt-highlight, .wp-block-kadence-advancedheading.kt-adv-heading3_70d1e0-71[data-kb-block=\"kb-adv-heading3_70d1e0-71\"] mark.kt-highlight{font-style:normal;color:#f76a0c;-webkit-box-decoration-break:clone;box-decoration-break:clone;padding-top:0px;padding-right:0px;padding-bottom:0px;padding-left:0px;}.wp-block-kadence-advancedheading.kt-adv-heading3_70d1e0-71 img.kb-inline-image, .wp-block-kadence-advancedheading.kt-adv-heading3_70d1e0-71[data-kb-block=\"kb-adv-heading3_70d1e0-71\"] img.kb-inline-image{width:150px;vertical-align:baseline;}<\/style>\n<p class=\"kt-adv-heading3_70d1e0-71 wp-block-kadence-advancedheading\" data-kb-block=\"kb-adv-heading3_70d1e0-71\"><strong>Si\u00e8ge social :<\/strong><br>23 Grand rue<br>68750 Bergheim<\/p>\n\n\n<style>.wp-block-kadence-advancedheading.kt-adv-heading3_d2b0d0-92, .wp-block-kadence-advancedheading.kt-adv-heading3_d2b0d0-92[data-kb-block=\"kb-adv-heading3_d2b0d0-92\"]{font-style:normal;}.wp-block-kadence-advancedheading.kt-adv-heading3_d2b0d0-92 mark.kt-highlight, .wp-block-kadence-advancedheading.kt-adv-heading3_d2b0d0-92[data-kb-block=\"kb-adv-heading3_d2b0d0-92\"] mark.kt-highlight{font-style:normal;color:#f76a0c;-webkit-box-decoration-break:clone;box-decoration-break:clone;padding-top:0px;padding-right:0px;padding-bottom:0px;padding-left:0px;}.wp-block-kadence-advancedheading.kt-adv-heading3_d2b0d0-92 img.kb-inline-image, .wp-block-kadence-advancedheading.kt-adv-heading3_d2b0d0-92[data-kb-block=\"kb-adv-heading3_d2b0d0-92\"] img.kb-inline-image{width:150px;vertical-align:baseline;}<\/style>\n<p class=\"kt-adv-heading3_d2b0d0-92 wp-block-kadence-advancedheading\" data-kb-block=\"kb-adv-heading3_d2b0d0-92\"><a href=\"https:\/\/solidailes.fr\/index.php\/contacts\/\" data-type=\"page\" data-id=\"48\">Contact<\/a><br><\/p>\n\n\n<style>.wp-block-kadence-advancedheading.kt-adv-heading3_90cc71-98, .wp-block-kadence-advancedheading.kt-adv-heading3_90cc71-98[data-kb-block=\"kb-adv-heading3_90cc71-98\"]{font-style:normal;}.wp-block-kadence-advancedheading.kt-adv-heading3_90cc71-98 mark.kt-highlight, .wp-block-kadence-advancedheading.kt-adv-heading3_90cc71-98[data-kb-block=\"kb-adv-heading3_90cc71-98\"] mark.kt-highlight{font-style:normal;color:#f76a0c;-webkit-box-decoration-break:clone;box-decoration-break:clone;padding-top:0px;padding-right:0px;padding-bottom:0px;padding-left:0px;}.wp-block-kadence-advancedheading.kt-adv-heading3_90cc71-98 img.kb-inline-image, .wp-block-kadence-advancedheading.kt-adv-heading3_90cc71-98[data-kb-block=\"kb-adv-heading3_90cc71-98\"] img.kb-inline-image{width:150px;vertical-align:baseline;}<\/style>\n<p class=\"kt-adv-heading3_90cc71-98 wp-block-kadence-advancedheading\" data-kb-block=\"kb-adv-heading3_90cc71-98\"><strong>Directeur de publication :<\/strong> Reine Lef\u00e8vre<\/p>\n\n\n<style>.wp-block-kadence-advancedheading.kt-adv-heading3_d655ef-cf, .wp-block-kadence-advancedheading.kt-adv-heading3_d655ef-cf[data-kb-block=\"kb-adv-heading3_d655ef-cf\"]{font-style:normal;}.wp-block-kadence-advancedheading.kt-adv-heading3_d655ef-cf mark.kt-highlight, .wp-block-kadence-advancedheading.kt-adv-heading3_d655ef-cf[data-kb-block=\"kb-adv-heading3_d655ef-cf\"] mark.kt-highlight{font-style:normal;color:#f76a0c;-webkit-box-decoration-break:clone;box-decoration-break:clone;padding-top:0px;padding-right:0px;padding-bottom:0px;padding-left:0px;}.wp-block-kadence-advancedheading.kt-adv-heading3_d655ef-cf img.kb-inline-image, .wp-block-kadence-advancedheading.kt-adv-heading3_d655ef-cf[data-kb-block=\"kb-adv-heading3_d655ef-cf\"] img.kb-inline-image{width:150px;vertical-align:baseline;}<\/style>\n<h1 class=\"kt-adv-heading3_d655ef-cf wp-block-kadence-advancedheading\" data-kb-block=\"kb-adv-heading3_d655ef-cf\"><strong>H\u00e9bergement :<\/strong><\/h1>\n\n\n<style>.wp-block-kadence-advancedheading.kt-adv-heading3_88bf83-b8, .wp-block-kadence-advancedheading.kt-adv-heading3_88bf83-b8[data-kb-block=\"kb-adv-heading3_88bf83-b8\"]{font-style:normal;}.wp-block-kadence-advancedheading.kt-adv-heading3_88bf83-b8 mark.kt-highlight, .wp-block-kadence-advancedheading.kt-adv-heading3_88bf83-b8[data-kb-block=\"kb-adv-heading3_88bf83-b8\"] mark.kt-highlight{font-style:normal;color:#f76a0c;-webkit-box-decoration-break:clone;box-decoration-break:clone;padding-top:0px;padding-right:0px;padding-bottom:0px;padding-left:0px;}.wp-block-kadence-advancedheading.kt-adv-heading3_88bf83-b8 img.kb-inline-image, .wp-block-kadence-advancedheading.kt-adv-heading3_88bf83-b8[data-kb-block=\"kb-adv-heading3_88bf83-b8\"] img.kb-inline-image{width:150px;vertical-align:baseline;}<\/style>\n<p class=\"kt-adv-heading3_88bf83-b8 wp-block-kadence-advancedheading\" data-kb-block=\"kb-adv-heading3_88bf83-b8\"><br>OVH<br>2 rue Kellermann<br>BP 80157<br>59053 \u2013 ROUBAIX CEDEX 1<br>France<\/p>\n\n\n<style>.wp-block-kadence-advancedheading.kt-adv-heading3_90021d-f7, .wp-block-kadence-advancedheading.kt-adv-heading3_90021d-f7[data-kb-block=\"kb-adv-heading3_90021d-f7\"]{font-style:normal;}.wp-block-kadence-advancedheading.kt-adv-heading3_90021d-f7 mark.kt-highlight, .wp-block-kadence-advancedheading.kt-adv-heading3_90021d-f7[data-kb-block=\"kb-adv-heading3_90021d-f7\"] mark.kt-highlight{font-style:normal;color:#f76a0c;-webkit-box-decoration-break:clone;box-decoration-break:clone;padding-top:0px;padding-right:0px;padding-bottom:0px;padding-left:0px;}.wp-block-kadence-advancedheading.kt-adv-heading3_90021d-f7 img.kb-inline-image, .wp-block-kadence-advancedheading.kt-adv-heading3_90021d-f7[data-kb-block=\"kb-adv-heading3_90021d-f7\"] img.kb-inline-image{width:150px;vertical-align:baseline;}<\/style>\n<p class=\"kt-adv-heading3_90021d-f7 wp-block-kadence-advancedheading\" data-kb-block=\"kb-adv-heading3_90021d-f7\"><\/p>\n","protected":false},"excerpt":{"rendered":"<p>Qui sommes-nous&nbsp;? Solid&rsquo;ailes est une association \u00e0 but non lucratif qui a pour objet de cr\u00e9er du lien social au travers d&rsquo;une \u00e9picerie participative et collaborative.Site : https:\/\/solidailes.fr Si\u00e8ge social :23 Grand rue68750 Bergheim Contact Directeur de publication : Reine Lef\u00e8vre H\u00e9bergement : OVH2 rue KellermannBP 8015759053 \u2013 ROUBAIX CEDEX 1France<\/p>\n","protected":false},"author":1,"featured_media":0,"parent":0,"menu_order":0,"comment_status":"closed","ping_status":"closed","template":"","meta":{"_kad_post_transparent":"","_kad_post_title":"","_kad_post_layout":"","_kad_post_sidebar_id":"","_kad_post_content_style":"","_kad_post_vertical_padding":"","_kad_post_feature":"","_kad_post_feature_position":"","_kad_post_header":false,"_kad_post_footer":false,"_kad_post_classname":"","footnotes":""},"class_list":["post-3","page","type-page","status-publish","hentry"],"_links":{"self":[{"href":"https:\/\/solidailes.fr\/index.php\/wp-json\/wp\/v2\/pages\/3","targetHints":{"allow":["GET"]}}],"collection":[{"href":"https:\/\/solidailes.fr\/index.php\/wp-json\/wp\/v2\/pages"}],"about":[{"href":"https:\/\/solidailes.fr\/index.php\/wp-json\/wp\/v2\/types\/page"}],"author":[{"embeddable":true,"href":"https:\/\/solidailes.fr\/index.php\/wp-json\/wp\/v2\/users\/1"}],"replies":[{"embeddable":true,"href":"https:\/\/solidailes.fr\/index.php\/wp-json\/wp\/v2\/comments?post=3"}],"version-history":[{"count":4,"href":"https:\/\/solidailes.fr\/index.php\/wp-json\/wp\/v2\/pages\/3\/revisions"}],"predecessor-version":[{"id":1397,"href":"https:\/\/solidailes.fr\/index.php\/wp-json\/wp\/v2\/pages\/3\/revisions\/1397"}],"wp:attachment":[{"href":"https:\/\/solidailes.fr\/index.php\/wp-json\/wp\/v2\/media?parent=3"}],"curies":[{"name":"wp","href":"https:\/\/api.w.org\/{rel}","templated":true}]}}