{"id":223,"date":"2024-10-25T22:32:36","date_gmt":"2024-10-25T20:32:36","guid":{"rendered":"https:\/\/solidailes.fr\/?page_id=223"},"modified":"2025-03-31T13:20:04","modified_gmt":"2025-03-31T11:20:04","slug":"inspirations","status":"publish","type":"page","link":"https:\/\/solidailes.fr\/index.php\/inspirations\/","title":{"rendered":"Inspirations"},"content":{"rendered":"<style>.wp-block-kadence-image.kb-image223_5855ec-2e:not(.kb-specificity-added):not(.kb-extra-specificity-added){margin-bottom:0px;}.kb-image223_5855ec-2e.kb-image-is-ratio-size, .kb-image223_5855ec-2e .kb-image-is-ratio-size{max-width:273px;width:100%;}.wp-block-kadence-column > .kt-inside-inner-col > .kb-image223_5855ec-2e.kb-image-is-ratio-size, .wp-block-kadence-column > .kt-inside-inner-col > .kb-image223_5855ec-2e .kb-image-is-ratio-size{align-self:unset;}.kb-image223_5855ec-2e{max-width:273px;}.image-is-svg.kb-image223_5855ec-2e{-webkit-flex:0 1 100%;flex:0 1 100%;}.image-is-svg.kb-image223_5855ec-2e img{width:100%;}.kb-image223_5855ec-2e:not(.kb-image-is-ratio-size) .kb-img, .kb-image223_5855ec-2e.kb-image-is-ratio-size{padding-bottom:0px;}.kb-image223_5855ec-2e .kb-image-has-overlay:after{opacity:0.3;}<\/style>\n<figure class=\"wp-block-kadence-image kb-image223_5855ec-2e size-large kb-image-is-ratio-size\"><div class=\"kb-is-ratio-image kb-image-ratio-land169\"><img loading=\"lazy\" decoding=\"async\" width=\"2560\" height=\"1441\" src=\"https:\/\/solidailes.fr\/wp-content\/uploads\/2024\/10\/vegetable-and-crops-beside-spilled-basket-219794-scaled-edited.jpg\" alt=\"Vegetable and Crops Beside Spilled Basket\" class=\"kb-img wp-image-229\" srcset=\"https:\/\/solidailes.fr\/wp-content\/uploads\/2024\/10\/vegetable-and-crops-beside-spilled-basket-219794-scaled-edited.jpg 2560w, https:\/\/solidailes.fr\/wp-content\/uploads\/2024\/10\/vegetable-and-crops-beside-spilled-basket-219794-scaled-edited-300x169.jpg 300w, https:\/\/solidailes.fr\/wp-content\/uploads\/2024\/10\/vegetable-and-crops-beside-spilled-basket-219794-scaled-edited-1024x576.jpg 1024w, https:\/\/solidailes.fr\/wp-content\/uploads\/2024\/10\/vegetable-and-crops-beside-spilled-basket-219794-scaled-edited-768x432.jpg 768w, https:\/\/solidailes.fr\/wp-content\/uploads\/2024\/10\/vegetable-and-crops-beside-spilled-basket-219794-scaled-edited-1536x865.jpg 1536w, https:\/\/solidailes.fr\/wp-content\/uploads\/2024\/10\/vegetable-and-crops-beside-spilled-basket-219794-scaled-edited-2048x1153.jpg 2048w\" sizes=\"auto, (max-width: 2560px) 100vw, 2560px\" \/><\/div><\/figure>\n\n\n<style>.wp-block-kadence-advancedheading.kt-adv-heading223_34908f-c6, .wp-block-kadence-advancedheading.kt-adv-heading223_34908f-c6[data-kb-block=\"kb-adv-heading223_34908f-c6\"]{font-style:normal;}.wp-block-kadence-advancedheading.kt-adv-heading223_34908f-c6 mark.kt-highlight, .wp-block-kadence-advancedheading.kt-adv-heading223_34908f-c6[data-kb-block=\"kb-adv-heading223_34908f-c6\"] mark.kt-highlight{font-style:normal;color:#f76a0c;-webkit-box-decoration-break:clone;box-decoration-break:clone;padding-top:0px;padding-right:0px;padding-bottom:0px;padding-left:0px;}.wp-block-kadence-advancedheading.kt-adv-heading223_34908f-c6 img.kb-inline-image, .wp-block-kadence-advancedheading.kt-adv-heading223_34908f-c6[data-kb-block=\"kb-adv-heading223_34908f-c6\"] img.kb-inline-image{width:150px;vertical-align:baseline;}<\/style>\n<h1 class=\"kt-adv-heading223_34908f-c6 wp-block-kadence-advancedheading\" data-kb-block=\"kb-adv-heading223_34908f-c6\">Nous tirons notre inspiration d&rsquo;autres initiatives<\/h1>\n\n\n<style>.wp-block-kadence-advancedheading.kt-adv-heading223_422501-3d, .wp-block-kadence-advancedheading.kt-adv-heading223_422501-3d[data-kb-block=\"kb-adv-heading223_422501-3d\"]{font-style:normal;}.wp-block-kadence-advancedheading.kt-adv-heading223_422501-3d mark.kt-highlight, .wp-block-kadence-advancedheading.kt-adv-heading223_422501-3d[data-kb-block=\"kb-adv-heading223_422501-3d\"] mark.kt-highlight{font-style:normal;color:#f76a0c;-webkit-box-decoration-break:clone;box-decoration-break:clone;padding-top:0px;padding-right:0px;padding-bottom:0px;padding-left:0px;}.wp-block-kadence-advancedheading.kt-adv-heading223_422501-3d img.kb-inline-image, .wp-block-kadence-advancedheading.kt-adv-heading223_422501-3d[data-kb-block=\"kb-adv-heading223_422501-3d\"] img.kb-inline-image{width:150px;vertical-align:baseline;}<\/style>\n<p class=\"kt-adv-heading223_422501-3d wp-block-kadence-advancedheading\" data-kb-block=\"kb-adv-heading223_422501-3d\">Les oies sauvages (Colmar) : <a href=\"https:\/\/cooplesoiessauvages.alsace\/\">https:\/\/cooplesoiessauvages.alsace\/<\/a><\/p>\n\n\n<style>.wp-block-kadence-advancedheading.kt-adv-heading223_87c85c-6a, .wp-block-kadence-advancedheading.kt-adv-heading223_87c85c-6a[data-kb-block=\"kb-adv-heading223_87c85c-6a\"]{font-style:normal;}.wp-block-kadence-advancedheading.kt-adv-heading223_87c85c-6a mark.kt-highlight, .wp-block-kadence-advancedheading.kt-adv-heading223_87c85c-6a[data-kb-block=\"kb-adv-heading223_87c85c-6a\"] mark.kt-highlight{font-style:normal;color:#f76a0c;-webkit-box-decoration-break:clone;box-decoration-break:clone;padding-top:0px;padding-right:0px;padding-bottom:0px;padding-left:0px;}.wp-block-kadence-advancedheading.kt-adv-heading223_87c85c-6a img.kb-inline-image, .wp-block-kadence-advancedheading.kt-adv-heading223_87c85c-6a[data-kb-block=\"kb-adv-heading223_87c85c-6a\"] img.kb-inline-image{width:150px;vertical-align:baseline;}<\/style>\n<p class=\"kt-adv-heading223_87c85c-6a wp-block-kadence-advancedheading\" data-kb-block=\"kb-adv-heading223_87c85c-6a\">&#8230;<\/p>\n\n\n<style>.wp-block-kadence-advancedheading.kt-adv-heading223_2f36b4-a7, .wp-block-kadence-advancedheading.kt-adv-heading223_2f36b4-a7[data-kb-block=\"kb-adv-heading223_2f36b4-a7\"]{font-style:normal;}.wp-block-kadence-advancedheading.kt-adv-heading223_2f36b4-a7 mark.kt-highlight, .wp-block-kadence-advancedheading.kt-adv-heading223_2f36b4-a7[data-kb-block=\"kb-adv-heading223_2f36b4-a7\"] mark.kt-highlight{font-style:normal;color:#f76a0c;-webkit-box-decoration-break:clone;box-decoration-break:clone;padding-top:0px;padding-right:0px;padding-bottom:0px;padding-left:0px;}.wp-block-kadence-advancedheading.kt-adv-heading223_2f36b4-a7 img.kb-inline-image, .wp-block-kadence-advancedheading.kt-adv-heading223_2f36b4-a7[data-kb-block=\"kb-adv-heading223_2f36b4-a7\"] img.kb-inline-image{width:150px;vertical-align:baseline;}<\/style>\n<h1 class=\"kt-adv-heading223_2f36b4-a7 wp-block-kadence-advancedheading\" data-kb-block=\"kb-adv-heading223_2f36b4-a7\">Nos fournisseurs<\/h1>\n\n\n<style>.wp-block-kadence-advancedheading.kt-adv-heading223_30684e-1f, .wp-block-kadence-advancedheading.kt-adv-heading223_30684e-1f[data-kb-block=\"kb-adv-heading223_30684e-1f\"]{font-style:normal;}.wp-block-kadence-advancedheading.kt-adv-heading223_30684e-1f mark.kt-highlight, .wp-block-kadence-advancedheading.kt-adv-heading223_30684e-1f[data-kb-block=\"kb-adv-heading223_30684e-1f\"] mark.kt-highlight{font-style:normal;color:#f76a0c;-webkit-box-decoration-break:clone;box-decoration-break:clone;padding-top:0px;padding-right:0px;padding-bottom:0px;padding-left:0px;}.wp-block-kadence-advancedheading.kt-adv-heading223_30684e-1f img.kb-inline-image, .wp-block-kadence-advancedheading.kt-adv-heading223_30684e-1f[data-kb-block=\"kb-adv-heading223_30684e-1f\"] img.kb-inline-image{width:150px;vertical-align:baseline;}<\/style>\n<p class=\"kt-adv-heading223_30684e-1f wp-block-kadence-advancedheading\" data-kb-block=\"kb-adv-heading223_30684e-1f\">Rinklin (Grossiste bio &#8211; Allemagne) : <a href=\"https:\/\/www.rinklin-naturkost.de\/fr\/\">https:\/\/www.rinklin-naturkost.de\/fr\/<\/a><\/p>\n\n\n<style>.wp-block-kadence-advancedheading.kt-adv-heading223_ca5001-c0, .wp-block-kadence-advancedheading.kt-adv-heading223_ca5001-c0[data-kb-block=\"kb-adv-heading223_ca5001-c0\"]{font-style:normal;}.wp-block-kadence-advancedheading.kt-adv-heading223_ca5001-c0 mark.kt-highlight, .wp-block-kadence-advancedheading.kt-adv-heading223_ca5001-c0[data-kb-block=\"kb-adv-heading223_ca5001-c0\"] mark.kt-highlight{font-style:normal;color:#f76a0c;-webkit-box-decoration-break:clone;box-decoration-break:clone;padding-top:0px;padding-right:0px;padding-bottom:0px;padding-left:0px;}.wp-block-kadence-advancedheading.kt-adv-heading223_ca5001-c0 img.kb-inline-image, .wp-block-kadence-advancedheading.kt-adv-heading223_ca5001-c0[data-kb-block=\"kb-adv-heading223_ca5001-c0\"] img.kb-inline-image{width:150px;vertical-align:baseline;}<\/style>\n<p class=\"kt-adv-heading223_ca5001-c0 wp-block-kadence-advancedheading\" data-kb-block=\"kb-adv-heading223_ca5001-c0\">Ib\u00e9ribon (fruits et l\u00e9gumes du portugal et d&rsquo;Alsace) : <a href=\"https:\/\/www.facebook.com\/p\/Iberibon-100080337046992\/?locale=fr_FR\">Page facebook<\/a><\/p>\n\n\n<style>.wp-block-kadence-advancedheading.kt-adv-heading223_f61efe-cc, .wp-block-kadence-advancedheading.kt-adv-heading223_f61efe-cc[data-kb-block=\"kb-adv-heading223_f61efe-cc\"]{font-style:normal;}.wp-block-kadence-advancedheading.kt-adv-heading223_f61efe-cc mark.kt-highlight, .wp-block-kadence-advancedheading.kt-adv-heading223_f61efe-cc[data-kb-block=\"kb-adv-heading223_f61efe-cc\"] mark.kt-highlight{font-style:normal;color:#f76a0c;-webkit-box-decoration-break:clone;box-decoration-break:clone;padding-top:0px;padding-right:0px;padding-bottom:0px;padding-left:0px;}.wp-block-kadence-advancedheading.kt-adv-heading223_f61efe-cc img.kb-inline-image, .wp-block-kadence-advancedheading.kt-adv-heading223_f61efe-cc[data-kb-block=\"kb-adv-heading223_f61efe-cc\"] img.kb-inline-image{width:150px;vertical-align:baseline;}<\/style>\n<p class=\"kt-adv-heading223_f61efe-cc wp-block-kadence-advancedheading\" data-kb-block=\"kb-adv-heading223_f61efe-cc\">Biopain &#8211; L&rsquo;\u00e9tang des pains (Pains au levain pur 100% naturel) : <a href=\"https:\/\/letangdespains.fr\/\">https:\/\/letangdespains.fr\/<\/a><\/p>\n\n\n<style>.wp-block-kadence-advancedheading.kt-adv-heading223_784f55-9d, .wp-block-kadence-advancedheading.kt-adv-heading223_784f55-9d[data-kb-block=\"kb-adv-heading223_784f55-9d\"]{font-style:normal;}.wp-block-kadence-advancedheading.kt-adv-heading223_784f55-9d mark.kt-highlight, .wp-block-kadence-advancedheading.kt-adv-heading223_784f55-9d[data-kb-block=\"kb-adv-heading223_784f55-9d\"] mark.kt-highlight{font-style:normal;color:#f76a0c;-webkit-box-decoration-break:clone;box-decoration-break:clone;padding-top:0px;padding-right:0px;padding-bottom:0px;padding-left:0px;}.wp-block-kadence-advancedheading.kt-adv-heading223_784f55-9d img.kb-inline-image, .wp-block-kadence-advancedheading.kt-adv-heading223_784f55-9d[data-kb-block=\"kb-adv-heading223_784f55-9d\"] img.kb-inline-image{width:150px;vertical-align:baseline;}<\/style>\n<p class=\"kt-adv-heading223_784f55-9d wp-block-kadence-advancedheading\" data-kb-block=\"kb-adv-heading223_784f55-9d\">&#8230;<\/p>\n\n\n<style>.wp-block-kadence-advancedheading.kt-adv-heading223_ce7a8f-09, .wp-block-kadence-advancedheading.kt-adv-heading223_ce7a8f-09[data-kb-block=\"kb-adv-heading223_ce7a8f-09\"]{font-style:normal;}.wp-block-kadence-advancedheading.kt-adv-heading223_ce7a8f-09 mark.kt-highlight, .wp-block-kadence-advancedheading.kt-adv-heading223_ce7a8f-09[data-kb-block=\"kb-adv-heading223_ce7a8f-09\"] mark.kt-highlight{font-style:normal;color:#f76a0c;-webkit-box-decoration-break:clone;box-decoration-break:clone;padding-top:0px;padding-right:0px;padding-bottom:0px;padding-left:0px;}.wp-block-kadence-advancedheading.kt-adv-heading223_ce7a8f-09 img.kb-inline-image, .wp-block-kadence-advancedheading.kt-adv-heading223_ce7a8f-09[data-kb-block=\"kb-adv-heading223_ce7a8f-09\"] img.kb-inline-image{width:150px;vertical-align:baseline;}<\/style>\n<h1 class=\"kt-adv-heading223_ce7a8f-09 wp-block-kadence-advancedheading\" data-kb-block=\"kb-adv-heading223_ce7a8f-09\">Ils nous soutiennent<\/h1>\n\n\n<style>.wp-block-kadence-advancedheading.kt-adv-heading223_1a9781-61, .wp-block-kadence-advancedheading.kt-adv-heading223_1a9781-61[data-kb-block=\"kb-adv-heading223_1a9781-61\"]{font-style:normal;}.wp-block-kadence-advancedheading.kt-adv-heading223_1a9781-61 mark.kt-highlight, .wp-block-kadence-advancedheading.kt-adv-heading223_1a9781-61[data-kb-block=\"kb-adv-heading223_1a9781-61\"] mark.kt-highlight{font-style:normal;color:#f76a0c;-webkit-box-decoration-break:clone;box-decoration-break:clone;padding-top:0px;padding-right:0px;padding-bottom:0px;padding-left:0px;}.wp-block-kadence-advancedheading.kt-adv-heading223_1a9781-61 img.kb-inline-image, .wp-block-kadence-advancedheading.kt-adv-heading223_1a9781-61[data-kb-block=\"kb-adv-heading223_1a9781-61\"] img.kb-inline-image{width:150px;vertical-align:baseline;}<\/style>\n<p class=\"kt-adv-heading223_1a9781-61 wp-block-kadence-advancedheading\" data-kb-block=\"kb-adv-heading223_1a9781-61\">Sud Alsace Transition : <a href=\"https:\/\/www.sud-alsace-transition.net\/\">https:\/\/www.sud-alsace-transition.net\/<\/a><\/p>\n\n\n<style>.wp-block-kadence-advancedheading.kt-adv-heading223_d46855-06, .wp-block-kadence-advancedheading.kt-adv-heading223_d46855-06[data-kb-block=\"kb-adv-heading223_d46855-06\"]{font-style:normal;}.wp-block-kadence-advancedheading.kt-adv-heading223_d46855-06 mark.kt-highlight, .wp-block-kadence-advancedheading.kt-adv-heading223_d46855-06[data-kb-block=\"kb-adv-heading223_d46855-06\"] mark.kt-highlight{font-style:normal;color:#f76a0c;-webkit-box-decoration-break:clone;box-decoration-break:clone;padding-top:0px;padding-right:0px;padding-bottom:0px;padding-left:0px;}.wp-block-kadence-advancedheading.kt-adv-heading223_d46855-06 img.kb-inline-image, .wp-block-kadence-advancedheading.kt-adv-heading223_d46855-06[data-kb-block=\"kb-adv-heading223_d46855-06\"] img.kb-inline-image{width:150px;vertical-align:baseline;}<\/style>\n<p class=\"kt-adv-heading223_d46855-06 wp-block-kadence-advancedheading\" data-kb-block=\"kb-adv-heading223_d46855-06\">&#8230;<\/p>\n\n\n<style>.wp-block-kadence-advancedheading.kt-adv-heading223_9b6803-03, .wp-block-kadence-advancedheading.kt-adv-heading223_9b6803-03[data-kb-block=\"kb-adv-heading223_9b6803-03\"]{font-style:normal;}.wp-block-kadence-advancedheading.kt-adv-heading223_9b6803-03 mark.kt-highlight, .wp-block-kadence-advancedheading.kt-adv-heading223_9b6803-03[data-kb-block=\"kb-adv-heading223_9b6803-03\"] mark.kt-highlight{font-style:normal;color:#f76a0c;-webkit-box-decoration-break:clone;box-decoration-break:clone;padding-top:0px;padding-right:0px;padding-bottom:0px;padding-left:0px;}.wp-block-kadence-advancedheading.kt-adv-heading223_9b6803-03 img.kb-inline-image, .wp-block-kadence-advancedheading.kt-adv-heading223_9b6803-03[data-kb-block=\"kb-adv-heading223_9b6803-03\"] img.kb-inline-image{width:150px;vertical-align:baseline;}<\/style>\n<p class=\"kt-adv-heading223_9b6803-03 wp-block-kadence-advancedheading\" data-kb-block=\"kb-adv-heading223_9b6803-03\"><\/p>\n","protected":false},"excerpt":{"rendered":"<p>Nous tirons notre inspiration d&rsquo;autres initiatives Les oies sauvages (Colmar) : https:\/\/cooplesoiessauvages.alsace\/ &#8230; Nos fournisseurs Rinklin (Grossiste bio &#8211; Allemagne) : https:\/\/www.rinklin-naturkost.de\/fr\/ Ib\u00e9ribon (fruits et l\u00e9gumes du portugal et d&rsquo;Alsace) : Page facebook Biopain &#8211; L&rsquo;\u00e9tang des pains (Pains au levain pur 100% naturel) : https:\/\/letangdespains.fr\/ &#8230; Ils nous soutiennent Sud Alsace Transition : https:\/\/www.sud-alsace-transition.net\/&#8230;<\/p>\n","protected":false},"author":1,"featured_media":0,"parent":0,"menu_order":0,"comment_status":"closed","ping_status":"closed","template":"","meta":{"_kad_post_transparent":"","_kad_post_title":"","_kad_post_layout":"","_kad_post_sidebar_id":"","_kad_post_content_style":"","_kad_post_vertical_padding":"","_kad_post_feature":"","_kad_post_feature_position":"","_kad_post_header":false,"_kad_post_footer":false,"_kad_post_classname":"","footnotes":""},"class_list":["post-223","page","type-page","status-publish","hentry"],"_links":{"self":[{"href":"https:\/\/solidailes.fr\/index.php\/wp-json\/wp\/v2\/pages\/223","targetHints":{"allow":["GET"]}}],"collection":[{"href":"https:\/\/solidailes.fr\/index.php\/wp-json\/wp\/v2\/pages"}],"about":[{"href":"https:\/\/solidailes.fr\/index.php\/wp-json\/wp\/v2\/types\/page"}],"author":[{"embeddable":true,"href":"https:\/\/solidailes.fr\/index.php\/wp-json\/wp\/v2\/users\/1"}],"replies":[{"embeddable":true,"href":"https:\/\/solidailes.fr\/index.php\/wp-json\/wp\/v2\/comments?post=223"}],"version-history":[{"count":5,"href":"https:\/\/solidailes.fr\/index.php\/wp-json\/wp\/v2\/pages\/223\/revisions"}],"predecessor-version":[{"id":849,"href":"https:\/\/solidailes.fr\/index.php\/wp-json\/wp\/v2\/pages\/223\/revisions\/849"}],"wp:attachment":[{"href":"https:\/\/solidailes.fr\/index.php\/wp-json\/wp\/v2\/media?parent=223"}],"curies":[{"name":"wp","href":"https:\/\/api.w.org\/{rel}","templated":true}]}}